{"id":415,"date":"2023-08-02T14:32:50","date_gmt":"2023-08-02T14:32:50","guid":{"rendered":"https:\/\/mfeinmobiliariarural.com.ar\/?post_type=product&#038;p=415"},"modified":"2024-09-20T01:53:12","modified_gmt":"2024-09-20T01:53:12","slug":"157-hectareas-en-partido-de-mar-chiquita","status":"publish","type":"product","link":"https:\/\/mfeinmobiliariarural.com.ar\/index.php\/product\/157-hectareas-en-partido-de-mar-chiquita\/","title":{"rendered":"157 hect\u00e1reas en Partido de Mar Chiquita"},"content":{"rendered":"<p><strong>Superficie:<\/strong> 157 hect\u00e1reas<\/p>\n<p><strong>Ubicaci\u00f3n:<\/strong> Coronel Vidal, partido de Mar Chiquita<\/p>\n<p><strong>Descripci\u00f3n y mejoras:<\/strong> Es un campo agr\u00edcola destinado al cultivo de grano fino (trigo, cebada, etc.) y grano grueso (ma\u00edz, soja, girasol). Cuenta con un casco a restaurar y se encuentra a 3,5 km de la Autov\u00eda 2 sobre camino vecinal de tierra mejorado. A 60 km del centro de la ciudad de Mar del Plata y a 349 km de la ciudad aut\u00f3noma de Buenos Aires por autov\u00eda 2. <\/p>\n<p>Cont\u00e1ctenos para m\u00e1s informaci\u00f3n<\/p>\n","protected":false},"excerpt":{"rendered":"<p>Ubicado en Coronel Vidal<\/p>\n<p>M\u00e1s informaci\u00f3n en la descripci\u00f3n<\/p>\n<p>\u00a1Cont\u00e1ctenos!<\/p>\n","protected":false},"featured_media":421,"comment_status":"open","ping_status":"closed","template":"","meta":{"site-sidebar-layout":"default","site-content-layout":"default","ast-site-content-layout":"default","site-content-style":"default","site-sidebar-style":"default","ast-global-header-display":"","ast-banner-title-visibility":"","ast-main-header-display":"","ast-hfb-above-header-display":"","ast-hfb-below-header-display":"","ast-hfb-mobile-header-display":"","site-post-title":"","ast-breadcrumbs-content":"","ast-featured-img":"","footer-sml-layout":"","ast-disable-related-posts":"","theme-transparent-header-meta":"default","adv-header-id-meta":"","stick-header-meta":"","header-above-stick-meta":"","header-main-stick-meta":"","header-below-stick-meta":"","astra-migrate-meta-layouts":"set","ast-page-background-enabled":"default","ast-page-background-meta":{"desktop":{"background-color":"var(--ast-global-color-4)","background-image":"","background-repeat":"repeat","background-position":"center center","background-size":"auto","background-attachment":"scroll","background-type":"","background-media":"","overlay-type":"","overlay-color":"","overlay-opacity":"","overlay-gradient":""},"tablet":{"background-color":"","background-image":"","background-repeat":"repeat","background-position":"center center","background-size":"auto","background-attachment":"scroll","background-type":"","background-media":"","overlay-type":"","overlay-color":"","overlay-opacity":"","overlay-gradient":""},"mobile":{"background-color":"","background-image":"","background-repeat":"repeat","background-position":"center center","background-size":"auto","background-attachment":"scroll","background-type":"","background-media":"","overlay-type":"","overlay-color":"","overlay-opacity":"","overlay-gradient":""}},"ast-content-background-meta":{"desktop":{"background-color":"var(--ast-global-color-5)","background-image":"","background-repeat":"repeat","background-position":"center center","background-size":"auto","background-attachment":"scroll","background-type":"","background-media":"","overlay-type":"","overlay-color":"","overlay-opacity":"","overlay-gradient":""},"tablet":{"background-color":"var(--ast-global-color-5)","background-image":"","background-repeat":"repeat","background-position":"center center","background-size":"auto","background-attachment":"scroll","background-type":"","background-media":"","overlay-type":"","overlay-color":"","overlay-opacity":"","overlay-gradient":""},"mobile":{"background-color":"var(--ast-global-color-5)","background-image":"","background-repeat":"repeat","background-position":"center center","background-size":"auto","background-attachment":"scroll","background-type":"","background-media":"","overlay-type":"","overlay-color":"","overlay-opacity":"","overlay-gradient":""}}},"product_brand":[],"product_cat":[19],"product_tag":[],"class_list":{"0":"post-415","1":"product","2":"type-product","3":"status-publish","4":"has-post-thumbnail","6":"product_cat-compra-venta","7":"pa_aptitud-mixto","8":"pa_cant-de-hectareas-entre-100-y-250-ha","9":"pa_tipo-de-operacion-venta","10":"pa_tipo-de-propiedad-campo","11":"desktop-align-left","12":"tablet-align-left","13":"mobile-align-left","15":"first","16":"instock","17":"shipping-taxable","18":"product-type-simple"},"_links":{"self":[{"href":"https:\/\/mfeinmobiliariarural.com.ar\/index.php\/wp-json\/wp\/v2\/product\/415","targetHints":{"allow":["GET"]}}],"collection":[{"href":"https:\/\/mfeinmobiliariarural.com.ar\/index.php\/wp-json\/wp\/v2\/product"}],"about":[{"href":"https:\/\/mfeinmobiliariarural.com.ar\/index.php\/wp-json\/wp\/v2\/types\/product"}],"replies":[{"embeddable":true,"href":"https:\/\/mfeinmobiliariarural.com.ar\/index.php\/wp-json\/wp\/v2\/comments?post=415"}],"wp:featuredmedia":[{"embeddable":true,"href":"https:\/\/mfeinmobiliariarural.com.ar\/index.php\/wp-json\/wp\/v2\/media\/421"}],"wp:attachment":[{"href":"https:\/\/mfeinmobiliariarural.com.ar\/index.php\/wp-json\/wp\/v2\/media?parent=415"}],"wp:term":[{"taxonomy":"product_brand","embeddable":true,"href":"https:\/\/mfeinmobiliariarural.com.ar\/index.php\/wp-json\/wp\/v2\/product_brand?post=415"},{"taxonomy":"product_cat","embeddable":true,"href":"https:\/\/mfeinmobiliariarural.com.ar\/index.php\/wp-json\/wp\/v2\/product_cat?post=415"},{"taxonomy":"product_tag","embeddable":true,"href":"https:\/\/mfeinmobiliariarural.com.ar\/index.php\/wp-json\/wp\/v2\/product_tag?post=415"}],"curies":[{"name":"wp","href":"https:\/\/api.w.org\/{rel}","templated":true}]}}