{"id":756,"date":"2025-04-22T15:40:43","date_gmt":"2025-04-22T15:40:43","guid":{"rendered":"https:\/\/mfeinmobiliariarural.com.ar\/?post_type=product&#038;p=756"},"modified":"2026-03-19T13:16:06","modified_gmt":"2026-03-19T13:16:06","slug":"chalet-zona-golf-los-acantilados","status":"publish","type":"product","link":"https:\/\/mfeinmobiliariarural.com.ar\/index.php\/product\/chalet-zona-golf-los-acantilados\/","title":{"rendered":"Chalet zona \u201cGolf Los Acantilados\u201d"},"content":{"rendered":"<p>Chalet ubicado en la ciudad de Mar del Plata, sobre la intersecci\u00f3n de la avenida Jorge Newbery y la calle 507.<br \/>\nCuenta con 264,27 m\u00b2 construidos en dos plantas sobre un lote de 427 m\u00b2.<br \/>\nAl ingresar por la puerta principal nos encontramos, en planta baja, con living-comedor amplio y cocina integrada, lavadero y toilette. Adem\u00e1s cuenta con garaje\/quincho con parrilla y otro ba\u00f1o. En planta alta posee con una habitaci\u00f3n en suite y salida a un balc\u00f3n al frente de la propiedad. Tambi\u00e9n cuenta con peque\u00f1o patio trasero y un espacio semicubierto para guardar veh\u00edculos.<\/p>\n<p>Precio: U$S 140.000<\/p>\n<p>Para m\u00e1s informaci\u00f3n consulte!<\/p>\n","protected":false},"excerpt":{"rendered":"<p><a href=\"https:\/\/my.matterport.com\/show\/?m=6VE3t2C9EJc\"><\/a><\/p>\n","protected":false},"featured_media":757,"comment_status":"open","ping_status":"closed","template":"","meta":{"site-sidebar-layout":"default","site-content-layout":"","ast-site-content-layout":"default","site-content-style":"default","site-sidebar-style":"default","ast-global-header-display":"","ast-banner-title-visibility":"","ast-main-header-display":"","ast-hfb-above-header-display":"","ast-hfb-below-header-display":"","ast-hfb-mobile-header-display":"","site-post-title":"","ast-breadcrumbs-content":"","ast-featured-img":"","footer-sml-layout":"","ast-disable-related-posts":"","theme-transparent-header-meta":"default","adv-header-id-meta":"","stick-header-meta":"","header-above-stick-meta":"","header-main-stick-meta":"","header-below-stick-meta":"","astra-migrate-meta-layouts":"set","ast-page-background-enabled":"default","ast-page-background-meta":{"desktop":{"background-color":"var(--ast-global-color-4)","background-image":"","background-repeat":"repeat","background-position":"center center","background-size":"auto","background-attachment":"scroll","background-type":"","background-media":"","overlay-type":"","overlay-color":"","overlay-opacity":"","overlay-gradient":""},"tablet":{"background-color":"","background-image":"","background-repeat":"repeat","background-position":"center center","background-size":"auto","background-attachment":"scroll","background-type":"","background-media":"","overlay-type":"","overlay-color":"","overlay-opacity":"","overlay-gradient":""},"mobile":{"background-color":"","background-image":"","background-repeat":"repeat","background-position":"center center","background-size":"auto","background-attachment":"scroll","background-type":"","background-media":"","overlay-type":"","overlay-color":"","overlay-opacity":"","overlay-gradient":""}},"ast-content-background-meta":{"desktop":{"background-color":"var(--ast-global-color-5)","background-image":"","background-repeat":"repeat","background-position":"center center","background-size":"auto","background-attachment":"scroll","background-type":"","background-media":"","overlay-type":"","overlay-color":"","overlay-opacity":"","overlay-gradient":""},"tablet":{"background-color":"var(--ast-global-color-5)","background-image":"","background-repeat":"repeat","background-position":"center center","background-size":"auto","background-attachment":"scroll","background-type":"","background-media":"","overlay-type":"","overlay-color":"","overlay-opacity":"","overlay-gradient":""},"mobile":{"background-color":"var(--ast-global-color-5)","background-image":"","background-repeat":"repeat","background-position":"center center","background-size":"auto","background-attachment":"scroll","background-type":"","background-media":"","overlay-type":"","overlay-color":"","overlay-opacity":"","overlay-gradient":""}}},"product_brand":[],"product_cat":[19],"product_tag":[],"class_list":{"0":"post-756","1":"product","2":"type-product","3":"status-publish","4":"has-post-thumbnail","6":"product_cat-compra-venta","7":"desktop-align-left","8":"tablet-align-left","9":"mobile-align-left","11":"first","12":"instock","13":"shipping-taxable","14":"product-type-simple"},"_links":{"self":[{"href":"https:\/\/mfeinmobiliariarural.com.ar\/index.php\/wp-json\/wp\/v2\/product\/756","targetHints":{"allow":["GET"]}}],"collection":[{"href":"https:\/\/mfeinmobiliariarural.com.ar\/index.php\/wp-json\/wp\/v2\/product"}],"about":[{"href":"https:\/\/mfeinmobiliariarural.com.ar\/index.php\/wp-json\/wp\/v2\/types\/product"}],"replies":[{"embeddable":true,"href":"https:\/\/mfeinmobiliariarural.com.ar\/index.php\/wp-json\/wp\/v2\/comments?post=756"}],"wp:featuredmedia":[{"embeddable":true,"href":"https:\/\/mfeinmobiliariarural.com.ar\/index.php\/wp-json\/wp\/v2\/media\/757"}],"wp:attachment":[{"href":"https:\/\/mfeinmobiliariarural.com.ar\/index.php\/wp-json\/wp\/v2\/media?parent=756"}],"wp:term":[{"taxonomy":"product_brand","embeddable":true,"href":"https:\/\/mfeinmobiliariarural.com.ar\/index.php\/wp-json\/wp\/v2\/product_brand?post=756"},{"taxonomy":"product_cat","embeddable":true,"href":"https:\/\/mfeinmobiliariarural.com.ar\/index.php\/wp-json\/wp\/v2\/product_cat?post=756"},{"taxonomy":"product_tag","embeddable":true,"href":"https:\/\/mfeinmobiliariarural.com.ar\/index.php\/wp-json\/wp\/v2\/product_tag?post=756"}],"curies":[{"name":"wp","href":"https:\/\/api.w.org\/{rel}","templated":true}]}}